{"id":19,"date":"2015-04-04T11:43:23","date_gmt":"2015-04-04T11:43:23","guid":{"rendered":"http:\/\/localhost\/shema\/?page_id=6"},"modified":"2020-02-18T05:56:06","modified_gmt":"2020-02-18T05:56:06","slug":"home","status":"publish","type":"page","link":"http:\/\/hamburg-sahara.de\/","title":{"rendered":"Home"},"content":{"rendered":"<p>[vc_row][vc_column][rev_slider_vc alias=&#8220;default&#8220;][vc_column_text]<\/p>\n<p style=\"text-align: center;\"><strong>Ein GTI soll wieder auf die Piste \u2013&nbsp;damit eine unglaubliche Story noch einmal ins Rollen gebracht werden kann&#8230;<\/strong><\/p>\n<p id=\"story\">[\/vc_column_text][vc_empty_space height=&#8220;20px&#8220;][vc_text_separator title=&#8220;DIE STORY&#8220; color=&#8220;custom&#8220; border_width=&#8220;2&#8243; accent_color=&#8220;#ddbb33&#8243;][\/vc_column][\/vc_row][vc_row td_section_title_color=&#8220;#ffffff&#8220; td_section_id=&#8220;story&#8220; td_section_title=&#8220;Die Story&#8220; td_color=&#8220;#595959&#8243; td_padding=&#8220;90px 0 60px 0&#8243; td_font_color=&#8220;#ffffff&#8220;][vc_column css_animation=&#8220;none&#8220; width=&#8220;1\/2&#8243; el_class=&#8220;Das Auto&#8220;][vc_column_text css_animation=&#8220;left-to-right&#8220;]<b>DARUM GEHT&#8217;S:<br \/>\n<\/b><b>Das Jahr 1980.<\/b> Staub, Schwei\u00df und Schlaglochpisten. Br\u00fctende Hitze, knackende Kr\u00fcmmer und der Himmel \u00fcber Benin. Nun ja, fast: Marokko, Algerien und Tunesien stehen auf der Reiseroute zweier lebenslanger Freunde, die es mal so richtig wissen wollen. Gemeinsam investieren die \u201eWaterkant Driver\u201c Peter Fuchs und Michael Gl\u00fcckstadt Jahresurlaub und -verdienst in eine unglaubliche Expedition und jagen sechs Wochen lang Peters Golf GTI \u00fcber die Pisten Afrikas.<\/p>\n<p>Echt. Wahr. So passiert.<\/p>\n<p>Und dann? Verschwindet der Hamburg-Sahara-Golf 1989 abgemeldet in einer Scheune. Geht das Leben normal weiter. Bis&#8230;<\/p>\n<p><b>Hamburg, 2015:<br \/>\n<\/b>Auf dem Hof der Autowerkstatt Mertsch &amp; Zander erblickt Auto-Journalist Knut Simon einen gestrandeten GTI: Vermoost, verdreckt, durchgerostet, doch erhalten im feinsten Zeitgeist-Ornat der fr\u00fchen 1980er \u2013 n\u00e4mlich getunt von oettinger und ABT.&nbsp; Es ist der originale Hamburg-Sahara-Golf!<\/p>\n<p id=\"traum\">Den frisst beinahe der Schneidbrenner, weil Eigent\u00fcmer Peter Fuchs, durch einen Schlaganfall mitten aus der Restaurierung gerissen, die finanziellen Mittel f\u00fcr eine Fremdvergabe fehlen. Das darf nicht sein, befindet Auto-Journalist Simon, nachdem er die komplette Story dieses speziellen GTI recherchiert hat. Gemeinsam mit Peter Fuchs,&nbsp; Michael Gl\u00fcckstadt und Kfz-Meister Michael Mertsch sowie Fotograf G\u00fcnter Poley und Designerin Rena Stapelfeld entsteht eine unglaubliche Idee&#8230;[\/vc_column_text][\/vc_column][vc_column width=&#8220;1\/2&#8243;][vc_single_image image=&#8220;464&#8243; img_size=&#8220;full&#8220; alignment=&#8220;right&#8220; style=&#8220;vc_box_rounded&#8220;][vc_empty_space height=&#8220;20px&#8220;][\/vc_column][\/vc_row][vc_row][vc_column][vc_text_separator title=&#8220;DER TRAUM&#8220; color=&#8220;custom&#8220; border_width=&#8220;2&#8243; accent_color=&#8220;#ddbb33&#8243;][vc_row_inner][vc_column_inner width=&#8220;1\/2&#8243;][vc_single_image image=&#8220;502&#8243; img_size=&#8220;full&#8220; style=&#8220;vc_box_rounded&#8220;][\/vc_column_inner][vc_column_inner width=&#8220;1\/2&#8243;][vc_column_text]Der Hamburg-Sahara-Golf soll wieder auf die Piste.<br \/>\nPeter Fuchs soll ihn fahren.&nbsp;Durch Afrika.<\/p>\n<p><strong>Hamburg-Sahara <i>Reloaded<\/i>! Schon 2020 soll es losgehen!<\/strong><\/p>\n<p>Daf\u00fcr ben\u00f6tigen wir finanzielle Mittel, Spenden, Unterst\u00fctzung.<\/p>\n<p><b>Das Auto<\/b> wird zur Zeit in 100% Vorleistung restauriert.<\/p>\n<p>\u201eWaterkant-Driver\u201c <b>Peter Fuchs<\/b> muss auch repariert werden.<br \/>\nMit viel Wollen, Reha und der Unterst\u00fctzung des Inselarztes Helmut Marczinkowski, hat er sich auf die Beine zur\u00fcck gek\u00e4mpft.<br \/>\nDoch er br\u00e4uchte mehr F\u00f6rderung, als die Krankenkasse bereit ist, zu zahlen.<\/p>\n<p><b>Hamburg-Sahara 2020&nbsp;<\/b>will geplant, koordiniert, finanziert sein.<\/p>\n<p>Wir geben alles, damit es wahr wird. Geben Sie etwas dazu?<br \/>\nWir freuen uns \u00fcber jede noch so kleine Unterst\u00fctzung!<\/p>\n<p>Auf das Peter schon bald wieder fahren kann!<\/p>\n<p id=\"paten\"><span style=\"color: #ddbb33;\"><strong>Spendenkonto:<\/strong> DRK &#8211;&nbsp;Ortsverein Wyk auf F\u00f6hr e.V.<\/span><br \/>\n<span style=\"color: #ddbb33;\">Kennwort: Hamburg-Sahara<\/span><br \/>\n<span style=\"color: #ddbb33;\">Nord-Ostsee Sparkasse<\/span><br \/>\n<span style=\"color: #ddbb33;\">IBAN: DE 0221 7500 0000 9000 6776<\/span><br \/>\n<span style=\"color: #ddbb33;\">BIC: NOLADE21NOS<\/span>[\/vc_column_text][vc_empty_space height=&#8220;20px&#8220;][\/vc_column_inner][\/vc_row_inner][\/vc_column][\/vc_row][vc_row][vc_column][vc_empty_space height=&#8220;20px&#8220;][vc_text_separator title=&#8220;DIE PATEN&#8220; color=&#8220;custom&#8220; border_width=&#8220;2&#8243; accent_color=&#8220;#ddbb33&#8243;][vc_row_inner][vc_column_inner width=&#8220;1\/2&#8243;][vc_column_text]Wir von \u201eHamburg-Sahara reloaded\u201c haben einen Traum: Noch einmal mit dem Golf GTI in die W\u00fcste. Noch einmal den Spirit von Peter und Micha sp\u00fcren, das Abenteuer nacherz\u00e4hlen k\u00f6nnen, weil wir es leibhaftig miterlebt haben. Und damit vor allem ein gro\u00dfes St\u00fcck Genesung und Motivation f\u00fcr Peter mit auf den Weg bringen.<\/p>\n<p><b>Daf\u00fcr brauchen wir Paten. Helfen Sie!&nbsp;<\/b><\/p>\n<p>Und werden Sie offizieller Pate von \u201eHamburg-Sahara reloaded\u201c!<\/p>\n<p><b>Welche M\u00f6glichkeiten f\u00fcr mich als Paten gibt es?<\/b><\/p>\n<p>Ganz einfach, ganze drei:<\/p>\n<ol>\n<li>Sie entschlie\u00dfen sich, das Projekt finanziell zu unterst\u00fctzen (Spenden sind steuerlich absetzbar.)<\/li>\n<li>Sie oder Ihr Unternehmen sind\/ist in der Position, \u201eHamburg-Sahara reloaded\u201c organisatorisch oder logistisch zu unterst\u00fctzen (z. B. Bereitstellung von Begleitfahrzeugen, Sponsoring von Hotel-\u00dcbernachtungen, Sachspenden (Ersatz- und Verschlei\u00dfteile, technisches Equipment etc.)<\/li>\n<\/ol>\n<p>[\/vc_column_text][\/vc_column_inner][vc_column_inner width=&#8220;1\/2&#8243;][vc_column_text]<b>Wieviel Geld ben\u00f6tigt das Projekt?<\/b><br \/>\nWir sch\u00e4tzen die Gesamtkosten auf ca. 60.000 Euro.<\/p>\n<p><b>F\u00fcr was wird die Summe ben\u00f6tigt?<br \/>\n<\/b>F\u00fcr zus\u00e4tzliche Reha-Ma\u00dfnahmen f\u00fcr Peter Fuchs.<\/p>\n<p>F\u00fcr Materialien und anteiligen Lohn der beteiligten Fachkr\u00e4fte, die den Hamburg-Sahara-GTI wieder auf die Piste bringen.<\/p>\n<p id=\"auto\">F\u00fcr Organisations- und Reisekosten, die w\u00e4hrend der geplanten Revival-Tour anfallen. (Logistik, Proviant, Kraftstoff, Telekommunikation, lokale Sicherheitsbegleiter etc.)[\/vc_column_text][vc_empty_space height=&#8220;20px&#8220;][\/vc_column_inner][\/vc_row_inner][\/vc_column][\/vc_row][vc_row][vc_column][vc_text_separator title=&#8220;DER GOLF&#8220; color=&#8220;custom&#8220; border_width=&#8220;2&#8243; accent_color=&#8220;#ddbb33&#8243;][\/vc_column][\/vc_row][vc_row td_section_title_color=&#8220;#ffffff&#8220; td_section_id=&#8220;auto&#8220; td_section_title=&#8220;Das Auto&#8220; td_color=&#8220;#000000&#8243; td_padding=&#8220;90px 0 60px 0&#8243; td_font_color=&#8220;#ffffff&#8220;][vc_column width=&#8220;1\/4&#8243;][vc_single_image image=&#8220;521&#8243; img_size=&#8220;large&#8220; alignment=&#8220;right&#8220;][\/vc_column][vc_column width=&#8220;3\/4&#8243; el_class=&#8220;Die Story&#8220;][vc_column_text css_animation=&#8220;left-to-right&#8220;]oettinger \u2013 das steht f\u00fcr traditionelles VW-Tuning. Legend\u00e4r die oettinger 16-Ventiler, die so manchem Golf auf der Rallye-Piste Beine machten.<\/p>\n<p>oettinger \u2013 das ist aber auch der damalige VAG-H\u00e4ndler, bei dem Peter Fuchs 1979 seinen Golf GTI bestellt. In Schwarz und mit Schiebedach. Und nat\u00fcrlich findet auch ein oettinger-Motor seinen Weg unter die schwarze GTI-Haube&#8230;<\/p>\n<p>ABT \u2013 auch da muss man nicht viele Worte verlieren.<\/p>\n<p>ABT \u2013 damals ebenfalls VAG-Partner, nimmt am Hamburg-Sahara-Golf das Fahrwerks- und Karosserie-Tuning vor.<\/p>\n<p>Zwei traditionelle Tuner. Zwei erste Adressen, wenn&#8217;s ums echte Golf-Tuning geht!<\/p>\n<p>Auch deshalb ist der Hamburg-Sahara-Golf ein authentisches Zeitzeugnis \u2013 auf Breitreifen.<\/p>\n<p id=\"route\">[\/vc_column_text][vc_empty_space height=&#8220;20px&#8220;][\/vc_column][\/vc_row][vc_row][vc_column][vc_text_separator title=&#8220;DIE ROUTE&#8220; color=&#8220;custom&#8220; border_width=&#8220;2&#8243; accent_color=&#8220;#ddbb33&#8243;][\/vc_column][\/vc_row][vc_row td_section_id=&#8220;route&#8220; td_section_title=&#8220;Die Route&#8220; td_color=&#8220;#ffffff&#8220; td_padding=&#8220;90px 0 60px 0&#8243; td_font_color=&#8220;#0a0a0a&#8220;][vc_column el_class=&#8220;Die Route&#8220;][vc_column_text css_animation=&#8220;left-to-right&#8220;]<\/p>\n<p style=\"text-align: center;\"><strong>Sechs L\u00e4nder, sechs Wochen, zwei Freunde, ein Golf: Hier d<\/strong><strong>ie wichtigsten Etappen der Original-Route von Hamburg-Sahara 1980:<\/strong><\/p>\n<p>[\/vc_column_text][\/vc_column][\/vc_row][vc_row full_width=&#8220;stretch_row&#8220;][vc_column][vc_single_image image=&#8220;735&#8243; img_size=&#8220;full&#8220; alignment=&#8220;center&#8220; style=&#8220;vc_box_rounded&#8220;][\/vc_column][\/vc_row][vc_row td_section_id=&#8220;route&#8220; td_section_title=&#8220;Die Route&#8220; td_color=&#8220;#ffffff&#8220; td_padding=&#8220;90px 0 60px 0&#8243; td_font_color=&#8220;#0a0a0a&#8220;][vc_column el_class=&#8220;Die Route&#8220;][vc_column_text css_animation=&#8220;left-to-right&#8220;]<\/p>\n<p style=\"text-align: center;\">Tunis &#8211;&gt; Sousse &#8211;&gt; Monastir &#8211;&gt; Kairouan &#8211;&gt; Gafsa &#8211;&gt; Tozeur &#8211;&gt; El Qued &#8211;&gt; Biskra &#8211;&gt; Constantine &#8211;&gt; Tabarca &#8211;&gt; Tunis<\/p>\n<p>[\/vc_column_text][\/vc_column][\/vc_row][vc_row][vc_column][vc_empty_space height=&#8220;20px&#8220;][vc_text_separator title=&#8220;DIE WATERKANT-DRIVER&#8220; color=&#8220;custom&#8220; border_width=&#8220;2&#8243; accent_color=&#8220;#ddbb33&#8243;][vc_empty_space height=&#8220;20px&#8220;][\/vc_column][\/vc_row][vc_row][vc_column width=&#8220;1\/3&#8243;][vc_single_image image=&#8220;495&#8243; img_size=&#8220;full&#8220; alignment=&#8220;center&#8220; style=&#8220;vc_box_rounded&#8220;][vc_column_text]<\/p>\n<p style=\"text-align: center;\"><strong>Peter Fuchs<\/strong><\/p>\n<p>[\/vc_column_text][vc_empty_space height=&#8220;20px&#8220;][\/vc_column][vc_column width=&#8220;1\/3&#8243;][vc_single_image image=&#8220;496&#8243; img_size=&#8220;full&#8220; alignment=&#8220;center&#8220; style=&#8220;vc_box_rounded&#8220;][vc_column_text]<\/p>\n<p style=\"text-align: center;\"><strong>Golf GTI<\/strong><\/p>\n<p>[\/vc_column_text][vc_empty_space height=&#8220;20px&#8220;][\/vc_column][vc_column width=&#8220;1\/3&#8243;][vc_single_image image=&#8220;494&#8243; img_size=&#8220;full&#8220; alignment=&#8220;center&#8220; style=&#8220;vc_box_rounded&#8220;][vc_column_text]<\/p>\n<p style=\"text-align: center;\"><strong>Michael Gl\u00fcckstadt<\/strong><\/p>\n<p id=\"kontakt\">[\/vc_column_text][vc_empty_space height=&#8220;20px&#8220;][\/vc_column][\/vc_row][vc_row][vc_column][vc_empty_space height=&#8220;42&#8243;][vc_text_separator title=&#8220;KONTAKT&#8220; color=&#8220;custom&#8220; border_width=&#8220;2&#8243; accent_color=&#8220;#ddbb33&#8243;][vc_empty_space height=&#8220;20px&#8220;][\/vc_column][\/vc_row][vc_row css=&#8220;.vc_custom_1579625112918{background-image: url(http:\/\/hamburg-sahara.de\/wp-content\/uploads\/2015\/05\/DSC_0124.png?id=450) !important;}&#8220;][vc_column width=&#8220;1\/4&#8243;][\/vc_column][vc_column width=&#8220;1\/2&#8243;]<div role=\"form\" class=\"wpcf7\" id=\"wpcf7-f713-o1\" lang=\"en-US\" dir=\"ltr\">\n<div class=\"screen-reader-response\"><\/div>\n<form action=\"\/index.php\/wp-json\/wp\/v2\/pages\/19#wpcf7-f713-o1\" method=\"post\" class=\"wpcf7-form\" novalidate=\"novalidate\">\n<div style=\"display: none;\">\n<input type=\"hidden\" name=\"_wpcf7\" value=\"713\" \/>\n<input type=\"hidden\" name=\"_wpcf7_version\" value=\"5.1.6\" \/>\n<input type=\"hidden\" name=\"_wpcf7_locale\" value=\"en_US\" \/>\n<input type=\"hidden\" name=\"_wpcf7_unit_tag\" value=\"wpcf7-f713-o1\" \/>\n<input type=\"hidden\" name=\"_wpcf7_container_post\" value=\"0\" \/>\n<\/div>\n<p><label> Your Name (required)<br \/>\n    <span class=\"wpcf7-form-control-wrap your-name\"><input type=\"text\" name=\"your-name\" value=\"\" size=\"40\" class=\"wpcf7-form-control wpcf7-text wpcf7-validates-as-required\" aria-required=\"true\" aria-invalid=\"false\" \/><\/span> <\/label><\/p>\n<p><label> Your Email (required)<br \/>\n    <span class=\"wpcf7-form-control-wrap your-email\"><input type=\"email\" name=\"your-email\" value=\"\" size=\"40\" class=\"wpcf7-form-control wpcf7-text wpcf7-email wpcf7-validates-as-required wpcf7-validates-as-email\" aria-required=\"true\" aria-invalid=\"false\" \/><\/span> <\/label><\/p>\n<p><label> Subject<br \/>\n    <span class=\"wpcf7-form-control-wrap your-subject\"><input type=\"text\" name=\"your-subject\" value=\"\" size=\"40\" class=\"wpcf7-form-control wpcf7-text\" aria-invalid=\"false\" \/><\/span> <\/label><\/p>\n<p><label> Your Message<br \/>\n    <span class=\"wpcf7-form-control-wrap your-message\"><textarea name=\"your-message\" cols=\"40\" rows=\"10\" class=\"wpcf7-form-control wpcf7-textarea\" aria-invalid=\"false\"><\/textarea><\/span> <\/label><\/p>\n<p><input type=\"submit\" value=\"Send\" class=\"wpcf7-form-control wpcf7-submit\" \/><\/p>\n<div class=\"wpcf7-response-output wpcf7-display-none\"><\/div><\/form><\/div>[\/vc_column][vc_column width=&#8220;1\/4&#8243;][\/vc_column][\/vc_row][vc_row][vc_column][vc_column_text]<\/p>\n<p style=\"text-align: center;\"><a href=\"http:\/\/hamburg-sahara.de\/index.php\/impressum\/\" target=\"_blank\" rel=\"noopener noreferrer\">Impressum<\/a><\/p>\n<p>[\/vc_column_text][\/vc_column][\/vc_row]<\/p>\n","protected":false},"excerpt":{"rendered":"<p>[vc_row][vc_column][rev_slider_vc alias=&#8220;default&#8220;][vc_column_text] Ein GTI soll wieder auf die Piste \u2013&nbsp;damit eine unglaubliche Story noch einmal ins Rollen gebracht werden kann&#8230; [\/vc_column_text][vc_empty_space height=&#8220;20px&#8220;][vc_text_separator title=&#8220;DIE STORY&#8220; color=&#8220;custom&#8220; border_width=&#8220;2&#8243; accent_color=&#8220;#ddbb33&#8243;][\/vc_column][\/vc_row][vc_row td_section_title_color=&#8220;#ffffff&#8220; td_section_id=&#8220;story&#8220; td_section_title=&#8220;Die Story&#8220; td_color=&#8220;#595959&#8243; td_padding=&#8220;90px 0 60px 0&#8243; td_font_color=&#8220;#ffffff&#8220;][vc_column css_animation=&#8220;none&#8220; width=&#8220;1\/2&#8243; el_class=&#8220;Das Auto&#8220;][vc_column_text css_animation=&#8220;left-to-right&#8220;]DARUM GEHT&#8217;S: Das Jahr 1980. Staub, Schwei\u00df und Schlaglochpisten. Br\u00fctende Hitze, knackende Kr\u00fcmmer und&hellip;&nbsp;<a href=\"http:\/\/hamburg-sahara.de\/\" class=\"\" rel=\"bookmark\">Weiterlesen &raquo;<span class=\"screen-reader-text\">Home<\/span><\/a><\/p>\n","protected":false},"author":1,"featured_media":0,"parent":0,"menu_order":0,"comment_status":"closed","ping_status":"open","template":"","meta":[],"_links":{"self":[{"href":"http:\/\/hamburg-sahara.de\/index.php\/wp-json\/wp\/v2\/pages\/19"}],"collection":[{"href":"http:\/\/hamburg-sahara.de\/index.php\/wp-json\/wp\/v2\/pages"}],"about":[{"href":"http:\/\/hamburg-sahara.de\/index.php\/wp-json\/wp\/v2\/types\/page"}],"author":[{"embeddable":true,"href":"http:\/\/hamburg-sahara.de\/index.php\/wp-json\/wp\/v2\/users\/1"}],"replies":[{"embeddable":true,"href":"http:\/\/hamburg-sahara.de\/index.php\/wp-json\/wp\/v2\/comments?post=19"}],"version-history":[{"count":95,"href":"http:\/\/hamburg-sahara.de\/index.php\/wp-json\/wp\/v2\/pages\/19\/revisions"}],"predecessor-version":[{"id":738,"href":"http:\/\/hamburg-sahara.de\/index.php\/wp-json\/wp\/v2\/pages\/19\/revisions\/738"}],"wp:attachment":[{"href":"http:\/\/hamburg-sahara.de\/index.php\/wp-json\/wp\/v2\/media?parent=19"}],"curies":[{"name":"wp","href":"https:\/\/api.w.org\/{rel}","templated":true}]}}